{"id":25,"date":"2019-11-06T15:28:07","date_gmt":"2019-11-06T15:28:07","guid":{"rendered":"https:\/\/riganttrade.com\/Terrassa\/?page_id=25"},"modified":"2023-05-15T13:37:53","modified_gmt":"2023-05-15T13:37:53","slug":"empresa-limpieza-oficinas-riganttraderade","status":"publish","type":"page","link":"https:\/\/riganttrade.com\/Terrassa\/empresa-limpieza-oficinas-riganttraderade\/","title":{"rendered":"Empresa de Limpieza de Oficinas"},"content":{"rendered":"<p><img loading=\"lazy\" decoding=\"async\" class=\"wp-image-28 alignleft\" src=\"https:\/\/riganttrade.com\/Terrassa\/wp-content\/uploads\/2019\/11\/riganttrade-empresa-limpieza-oficina-barcelona-molins-de-rey-1024x448.jpg\" alt=\"riganttrade empresa limpieza oficina barcelona molins de rey\" width=\"656\" height=\"287\" srcset=\"https:\/\/riganttrade.com\/Terrassa\/wp-content\/uploads\/2019\/11\/riganttrade-empresa-limpieza-oficina-barcelona-molins-de-rey-1024x448.jpg 1024w, https:\/\/riganttrade.com\/Terrassa\/wp-content\/uploads\/2019\/11\/riganttrade-empresa-limpieza-oficina-barcelona-molins-de-rey-300x131.jpg 300w, https:\/\/riganttrade.com\/Terrassa\/wp-content\/uploads\/2019\/11\/riganttrade-empresa-limpieza-oficina-barcelona-molins-de-rey-768x336.jpg 768w, https:\/\/riganttrade.com\/Terrassa\/wp-content\/uploads\/2019\/11\/riganttrade-empresa-limpieza-oficina-barcelona-molins-de-rey.jpg 1600w\" sizes=\"auto, (max-width: 656px) 100vw, 656px\" \/><\/p>\n<p style=\"text-align: justify;\">La <strong>empresa de limpieza de oficinas y despachos  <\/strong><strong>RigantTrade\u00a0 <\/strong>ha desarrollado unos sistemas de trabajo y una log\u00edstica que nos permiten dar unos resultados sobresalientes adaptandonos siempre a las necesidades del cliente . Adem\u00e1s podemos concertar varios servicios diarios coincidiendo con los horarios de cierre del establecimiento o de menor afluencia de p\u00fablico para que su local siempre est\u00e9 en las mejores condiciones de limpieza y la imagen de su empresa sea excepcional.<\/p>\n<table border=\"0\" width=\"100%\">\n<tbody>\n<tr>\n<td style=\"padding: 30px;\">\n<p style=\"text-align: justify;\"><strong>RigantTrade empresa de limpieza <\/strong>especializada en limpieza de oficinas y despachos le proporciona tanto en los locales comerciales como en las oficinas, la limpieza y desinfecci\u00f3n que son fundamentales para desarrollar en buenas condiciones la actividad laboral y ofrecer la mejor imagen. Trabajamos para todos los sectores aplicando, a cada uno de ellos, la metodolog\u00eda, el personal y los productos m\u00e1s adecuados. Estudiamos sus necesidades y nos adaptamos a ellas. Disponemos del personal adecuado para manipular los elementos y entornos a limpiar.<\/p>\n<p style=\"text-align: justify;\">Limpieza en oficinas y despachos. <strong>RigantTrade empresa de limpieza <\/strong>estamos especializados en la limpieza integral de aparatos ofim\u00e1ticos.<\/p>\n<p style=\"text-align: justify;\">Un porcentaje importante de aver\u00edas en aparatos ofim\u00e1ticos como ordenadores, fotocopiadoras, servers e impresoras son consecuencia de la falta de limpieza profesional y de la generaci\u00f3n de electricidad est\u00e1tica, nuestro sistema de limpieza con productos antiest\u00e1ticos permite reducir las aver\u00edas y mantener sus equipos limpios.<\/p>\n<p style=\"text-align: justify;\">Para el mantenimiento de tapicer\u00edas utilizamos la limpieza en seco. A los 45 minutos de su aplicaci\u00f3n ya puede utilizarse sin problemas. Recomendado para: Paredes tapizadas, Auditorios, Salas de conferencias Sillones, sillas y butacas<\/p>\n<\/td>\n<td style=\"padding: 30px; background-color: #666; color: white;\" width=\"50%\">\n<div class=\"wpcf7 no-js\" id=\"wpcf7-f35-o1\" lang=\"es-ES\" dir=\"ltr\" data-wpcf7-id=\"35\">\n<div class=\"screen-reader-response\"><p role=\"status\" aria-live=\"polite\" aria-atomic=\"true\"><\/p> <ul><\/ul><\/div>\n<form action=\"\/Terrassa\/wp-json\/wp\/v2\/pages\/25#wpcf7-f35-o1\" method=\"post\" class=\"wpcf7-form init\" aria-label=\"Formulario de contacto\" novalidate=\"novalidate\" data-status=\"init\">\n<fieldset class=\"hidden-fields-container\"><input type=\"hidden\" name=\"_wpcf7\" value=\"35\" \/><input type=\"hidden\" name=\"_wpcf7_version\" value=\"6.1.5\" \/><input type=\"hidden\" name=\"_wpcf7_locale\" value=\"es_ES\" \/><input type=\"hidden\" name=\"_wpcf7_unit_tag\" value=\"wpcf7-f35-o1\" \/><input type=\"hidden\" name=\"_wpcf7_container_post\" value=\"0\" \/><input type=\"hidden\" name=\"_wpcf7_posted_data_hash\" value=\"\" \/><input type=\"hidden\" name=\"_wpcf7_recaptcha_response\" value=\"\" \/>\n<\/fieldset>\n<p>Contacto<br \/>\n<b>RigantTrade Terrassa<\/b><br \/>\n<label> Nombre*<br \/>\n<span class=\"wpcf7-form-control-wrap\" data-name=\"your-name\"><input size=\"40\" maxlength=\"400\" class=\"wpcf7-form-control wpcf7-text wpcf7-validates-as-required\" aria-required=\"true\" aria-invalid=\"false\" value=\"\" type=\"text\" name=\"your-name\" \/><\/span> <\/label>\n<\/p>\n<p><label> Email*<br \/>\n<span class=\"wpcf7-form-control-wrap\" data-name=\"your-email\"><input size=\"40\" maxlength=\"400\" class=\"wpcf7-form-control wpcf7-email wpcf7-validates-as-required wpcf7-text wpcf7-validates-as-email\" aria-required=\"true\" aria-invalid=\"false\" value=\"\" type=\"email\" name=\"your-email\" \/><\/span> <\/label>\n<\/p>\n<p><label> Telf*<br \/>\n<span class=\"wpcf7-form-control-wrap\" data-name=\"tel-642\"><input size=\"40\" maxlength=\"400\" class=\"wpcf7-form-control wpcf7-tel wpcf7-validates-as-required wpcf7-text wpcf7-validates-as-tel\" aria-required=\"true\" aria-invalid=\"false\" value=\"\" type=\"tel\" name=\"tel-642\" \/><\/span> <\/label>\n<\/p>\n<p>\u00bfTiene actualmente una empresa de limpieza?<br \/>\n<span class=\"wpcf7-form-control-wrap\" data-name=\"radio-272\"><span class=\"wpcf7-form-control wpcf7-radio\"><span class=\"wpcf7-list-item first\"><span class=\"wpcf7-list-item-label\">Si<\/span><input type=\"radio\" name=\"radio-272\" value=\"Si\" checked=\"checked\" \/><\/span><span class=\"wpcf7-list-item last\"><span class=\"wpcf7-list-item-label\">No<\/span><input type=\"radio\" name=\"radio-272\" value=\"No\" \/><\/span><\/span><\/span>\n<\/p>\n<p>Frecuencia solicitada<br \/>\n<span class=\"wpcf7-form-control-wrap\" data-name=\"menu-271\"><select class=\"wpcf7-form-control wpcf7-select\" aria-invalid=\"false\" multiple=\"multiple\" name=\"menu-271[]\"><option value=\"Diario\">Diario<\/option><option value=\"Semanal\">Semanal<\/option><option value=\"2 x semana\">2 x semana<\/option><option value=\"3 x semana\">3 x semana<\/option><option value=\"Mensual\">Mensual<\/option><option value=\"Trabajo puntual\">Trabajo puntual<\/option><option value=\"Otros\">Otros<\/option><\/select><\/span>\n<\/p>\n<p><label> Su mensajee<br \/>\n<span class=\"wpcf7-form-control-wrap\" data-name=\"your-message\"><textarea cols=\"40\" rows=\"10\" maxlength=\"2000\" class=\"wpcf7-form-control wpcf7-textarea\" aria-invalid=\"false\" name=\"your-message\"><\/textarea><\/span> <\/label>\n<\/p>\n<p><input class=\"wpcf7-form-control wpcf7-submit has-spinner\" type=\"submit\" value=\"Enviar\" \/>\n<\/p><div class=\"wpcf7-response-output\" aria-hidden=\"true\"><\/div>\n<\/form>\n<\/div>\n<\/td>\n<\/tr>\n<\/tbody>\n<\/table>\n","protected":false},"excerpt":{"rendered":"<p>La empresa de limpieza de oficinas y despachos RigantTrade\u00a0 ha desarrollado unos sistemas de trabajo y una log\u00edstica que nos permiten dar unos resultados sobresalientes adaptandonos siempre a las necesidades del cliente . Adem\u00e1s podemos concertar varios servicios diarios coincidiendo con los horarios de cierre del establecimiento o de menor afluencia de p\u00fablico para que&hellip; <br \/> <a class=\"button small blue\" href=\"https:\/\/riganttrade.com\/Terrassa\/empresa-limpieza-oficinas-riganttraderade\/\">Leer m\u00e1s<\/a><\/p>\n","protected":false},"author":3,"featured_media":0,"parent":0,"menu_order":0,"comment_status":"closed","ping_status":"closed","template":"","meta":{"footnotes":""},"class_list":["post-25","page","type-page","status-publish","hentry"],"_links":{"self":[{"href":"https:\/\/riganttrade.com\/Terrassa\/wp-json\/wp\/v2\/pages\/25","targetHints":{"allow":["GET"]}}],"collection":[{"href":"https:\/\/riganttrade.com\/Terrassa\/wp-json\/wp\/v2\/pages"}],"about":[{"href":"https:\/\/riganttrade.com\/Terrassa\/wp-json\/wp\/v2\/types\/page"}],"author":[{"embeddable":true,"href":"https:\/\/riganttrade.com\/Terrassa\/wp-json\/wp\/v2\/users\/3"}],"replies":[{"embeddable":true,"href":"https:\/\/riganttrade.com\/Terrassa\/wp-json\/wp\/v2\/comments?post=25"}],"version-history":[{"count":17,"href":"https:\/\/riganttrade.com\/Terrassa\/wp-json\/wp\/v2\/pages\/25\/revisions"}],"predecessor-version":[{"id":357,"href":"https:\/\/riganttrade.com\/Terrassa\/wp-json\/wp\/v2\/pages\/25\/revisions\/357"}],"wp:attachment":[{"href":"https:\/\/riganttrade.com\/Terrassa\/wp-json\/wp\/v2\/media?parent=25"}],"curies":[{"name":"wp","href":"https:\/\/api.w.org\/{rel}","templated":true}]}}